{"id":24,"date":"2025-10-08T18:27:06","date_gmt":"2025-10-08T18:27:06","guid":{"rendered":"https:\/\/pycha.ceduk.eu\/?page_id=24"},"modified":"2025-10-08T19:14:46","modified_gmt":"2025-10-08T19:14:46","slug":"domu","status":"publish","type":"page","link":"https:\/\/pycha.ceduk.eu\/","title":{"rendered":"Dom\u016f"},"content":{"rendered":"\n<p><strong>V\u00edtejte ve sv\u011bt\u011b s\u00edly a energie pro va\u0161e t\u011blo!<\/strong><br>Zahajte va\u0161i cestu s N\u00e1mi!<\/p>\n\n\n\n<div class=\"wp-block-columns is-layout-flex wp-container-core-columns-is-layout-28f84493 wp-block-columns-is-layout-flex\">\n<div class=\"wp-block-column is-layout-flow wp-block-column-is-layout-flow\" style=\"flex-basis:100%\">\n<figure class=\"wp-block-embed is-type-wp-embed is-provider-everything-inc wp-block-embed-everything-inc\"><div class=\"wp-block-embed__wrapper\">\n<blockquote class=\"wp-embedded-content\" data-secret=\"8KoCvqF0ZF\"><a href=\"https:\/\/pycha.ceduk.eu\/?p=15\">Spole\u010dn\u00fd tr\u00e9nink<\/a><\/blockquote><iframe class=\"wp-embedded-content\" sandbox=\"allow-scripts\" security=\"restricted\" style=\"position: absolute; visibility: hidden;\" title=\"&#8222;Spole\u010dn\u00fd tr\u00e9nink&#8220; &#8212; Fitko\" src=\"https:\/\/pycha.ceduk.eu\/?p=15&#038;embed=true#?secret=BYdOiXy5Ks#?secret=8KoCvqF0ZF\" data-secret=\"8KoCvqF0ZF\" width=\"600\" height=\"338\" frameborder=\"0\" marginwidth=\"0\" marginheight=\"0\" scrolling=\"no\"><\/iframe>\n<\/div><\/figure>\n<\/div>\n<\/div>\n\n\n\n<div class=\"wp-block-columns is-layout-flex wp-container-core-columns-is-layout-28f84493 wp-block-columns-is-layout-flex\">\n<div class=\"wp-block-column is-layout-flow wp-block-column-is-layout-flow\" style=\"flex-basis:100%\">\n<figure class=\"wp-block-embed is-type-wp-embed is-provider-everything-inc wp-block-embed-everything-inc\"><div class=\"wp-block-embed__wrapper\">\n<blockquote class=\"wp-embedded-content\" data-secret=\"EbY7QFLpLG\"><a href=\"https:\/\/pycha.ceduk.eu\/?p=12\">Strava<\/a><\/blockquote><iframe class=\"wp-embedded-content\" sandbox=\"allow-scripts\" security=\"restricted\" style=\"position: absolute; visibility: hidden;\" title=\"&#8222;Strava&#8220; &#8212; Fitko\" src=\"https:\/\/pycha.ceduk.eu\/?p=12&#038;embed=true#?secret=MN7fDr6zAG#?secret=EbY7QFLpLG\" data-secret=\"EbY7QFLpLG\" width=\"600\" height=\"338\" frameborder=\"0\" marginwidth=\"0\" marginheight=\"0\" scrolling=\"no\"><\/iframe>\n<\/div><\/figure>\n<\/div>\n<\/div>\n\n\n\n<div class=\"wp-block-columns is-layout-flex wp-container-core-columns-is-layout-28f84493 wp-block-columns-is-layout-flex\">\n<div class=\"wp-block-column is-layout-flow wp-block-column-is-layout-flow\" style=\"flex-basis:100%\">\n<figure class=\"wp-block-embed is-type-wp-embed is-provider-everything-inc wp-block-embed-everything-inc\"><div class=\"wp-block-embed__wrapper\">\n<blockquote class=\"wp-embedded-content\" data-secret=\"9PBkYMBBUB\"><a href=\"https:\/\/pycha.ceduk.eu\/?p=8\">Fitness<\/a><\/blockquote><iframe class=\"wp-embedded-content\" sandbox=\"allow-scripts\" security=\"restricted\" style=\"position: absolute; visibility: hidden;\" title=\"&#8222;Fitness&#8220; &#8212; Fitko\" src=\"https:\/\/pycha.ceduk.eu\/?p=8&#038;embed=true#?secret=V1ZNJCF6EP#?secret=9PBkYMBBUB\" data-secret=\"9PBkYMBBUB\" width=\"600\" height=\"338\" frameborder=\"0\" marginwidth=\"0\" marginheight=\"0\" scrolling=\"no\"><\/iframe>\n<\/div><\/figure>\n<\/div>\n<\/div>\n\n\n\n<div class=\"wp-block-query alignwide is-layout-flow wp-block-query-is-layout-flow\">\n<div class=\"wp-block-group is-layout-constrained wp-block-group-is-layout-constrained\"><div class=\"wp-block-query-no-results\">\n\n<p class=\"has-text-align-center\">U n\u00e1s m\u00e1te na v\u00fdb\u011br!<\/p>\n\n<\/div><\/div>\n\n\n\n<div class=\"wp-block-group is-layout-flow wp-block-group-is-layout-flow\" style=\"padding-top:var(--wp--preset--spacing--50);padding-bottom:var(--wp--preset--spacing--50)\">\n<div class=\"wp-block-columns is-layout-flex wp-container-core-columns-is-layout-28f84493 wp-block-columns-is-layout-flex\">\n<div class=\"wp-block-column is-layout-flow wp-block-column-is-layout-flow\" style=\"flex-basis:100%\"><\/div>\n<\/div>\n<\/div>\n\n\n\n<div class=\"wp-block-group is-layout-flow wp-block-group-is-layout-flow\"><\/div>\n<\/div>\n","protected":false},"excerpt":{"rendered":"<p>V\u00edtejte ve sv\u011bt\u011b s\u00edly a energie pro va\u0161e t\u011blo!Zahajte va\u0161i cestu s N\u00e1mi!<\/p>\n","protected":false},"author":1,"featured_media":0,"parent":0,"menu_order":0,"comment_status":"closed","ping_status":"closed","template":"blog-alternative","meta":{"footnotes":""},"class_list":["post-24","page","type-page","status-publish","hentry"],"_links":{"self":[{"href":"https:\/\/pycha.ceduk.eu\/index.php?rest_route=\/wp\/v2\/pages\/24","targetHints":{"allow":["GET"]}}],"collection":[{"href":"https:\/\/pycha.ceduk.eu\/index.php?rest_route=\/wp\/v2\/pages"}],"about":[{"href":"https:\/\/pycha.ceduk.eu\/index.php?rest_route=\/wp\/v2\/types\/page"}],"author":[{"embeddable":true,"href":"https:\/\/pycha.ceduk.eu\/index.php?rest_route=\/wp\/v2\/users\/1"}],"replies":[{"embeddable":true,"href":"https:\/\/pycha.ceduk.eu\/index.php?rest_route=%2Fwp%2Fv2%2Fcomments&post=24"}],"version-history":[{"count":11,"href":"https:\/\/pycha.ceduk.eu\/index.php?rest_route=\/wp\/v2\/pages\/24\/revisions"}],"predecessor-version":[{"id":45,"href":"https:\/\/pycha.ceduk.eu\/index.php?rest_route=\/wp\/v2\/pages\/24\/revisions\/45"}],"wp:attachment":[{"href":"https:\/\/pycha.ceduk.eu\/index.php?rest_route=%2Fwp%2Fv2%2Fmedia&parent=24"}],"curies":[{"name":"wp","href":"https:\/\/api.w.org\/{rel}","templated":true}]}}